{"id":144,"date":"2019-10-01T20:37:43","date_gmt":"2019-10-01T20:37:43","guid":{"rendered":"http:\/\/mabesat.com\/?page_id=144"},"modified":"2019-10-04T09:04:20","modified_gmt":"2019-10-04T09:04:20","slug":"mabe","status":"publish","type":"page","link":"https:\/\/mabesat.com\/index.php\/mabe\/","title":{"rendered":"MABE"},"content":{"rendered":"<p>[vc_row full_width=\u00bbstretch_row\u00bb section_padding=\u00bbsection-padding\u00bb css=\u00bb.vc_custom_1569867470984{padding-top: 120px !important;background-color: #f2f2f2 !important;background-position: center !important;background-repeat: no-repeat !important;background-size: cover !important;}\u00bb el_class=\u00bbmobile-fix\u00bb][vc_column width=\u00bb1\/2&#8243; el_class=\u00bbipad-fix responsive-about-1&#8243;]<div class=\"vc_custom_1569935616093\">\r\n\t<div class=\"rt-vc-title-1 rtin-section-title-left  rtin-dark\">\r\n\t\t\t\t\t<h2 class=\"rt-section-title-vc title32 mitle28\" style=\"font-size:38px; color:#222222;\">MABE<\/h2>\r\n\t\t\t\t\t<p class=\"rt-section-sub-title-vc\" style=\"width:100%;\">Es la marca insignia de nuestra empresa, en la misma solo se confeccionan productos de la m\u00e1xima calidad.<\/p>\n<p>Aqu\u00ed va descripci\u00f3n de la marca MABE los productos que la enmarcan, dise\u00f1os<\/p>\n<p>calidad , colores etc&#8230;<\/p>\n<p>as\u00ed como fotograf\u00edas de los envasados de la marca<\/p>\r\n\t\t\t<\/div>\r\n<\/div>[\/vc_column][vc_column width=\u00bb1\/2&#8243; el_class=\u00bbipad-fix ipad-single-image\u00bb][vc_gallery type=\u00bbflexslider_slide\u00bb interval=\u00bb5&#8243; images=\u00bb4551,4547&#8243; img_size=\u00bbfull\u00bb][\/vc_column][\/vc_row][vc_row css=\u00bb.vc_custom_1525782447943{padding-top: 50px !important;padding-bottom: 50px !important;}\u00bb][vc_column]<style>#rt-container-1115760103 .single-logo h3, #rt-container-1115760103 .single-logo h3 a {}#rt-container-1115760103 .single-logo .logo-description * {}<\/style><div class='rt-container-fluid rt-wpls' id='rt-container-1115760103'  data-desktop-col='4'  data-tab-col='2'  data-mobile-col='1'><div class='rt-row carousel-layout wpls-carousel' data-slick='{\n                        \"slidesToShow\": 4,\n                        \"slidesToShowTab\": 2,\n                        \"slidesToShowMobile\": 1,\n                        \"slidesToScroll\": 3,\n                        \"speed\": 2000,\n                        \"dots\": false,\n                        \"arrows\": true,\n                        \"infinite\": true,\n                        \"lazyLoad\": \"ondemand\",\n                        \"pauseOnHover\": true,\n                        \"autoplay\": true,\n                        \"centerMode\": false,\n                        \"adaptiveHeight\": false,\n                        \"rtl\": false\n                        }' ><div class='rt-col-md-3 rt-col-sm-6 rt-col-xs-12'><div class='single-logo rt-equal-height  wls-boxhighlight' data-title=''><div class='single-logo-container'><a  href='https:\/\/mabesat.com\/index.php\/pimiento-picante\/'><img title='' class='wls-logo' alt='' src='https:\/\/mabesat.com\/wp-content\/uploads\/2022\/06\/pimiento-picante.jpg' \/><\/a><\/div><\/div><\/div><div class='rt-col-md-3 rt-col-sm-6 rt-col-xs-12'><div class='single-logo rt-equal-height  wls-boxhighlight' data-title=''><div class='single-logo-container'><a  href='https:\/\/mabesat.com\/index.php\/pepino-frances-2\/'><img title='' class='wls-logo' alt='' src='https:\/\/mabesat.com\/wp-content\/uploads\/2022\/06\/pepino-frances.jpg' \/><\/a><\/div><\/div><\/div><div class='rt-col-md-3 rt-col-sm-6 rt-col-xs-12'><div class='single-logo rt-equal-height  wls-boxhighlight' data-title=''><div class='single-logo-container'><a  href='https:\/\/mabesat.com\/index.php\/tomate-rama\/'><img title='' class='wls-logo' alt='' src='https:\/\/mabesat.com\/wp-content\/uploads\/2022\/06\/tomate-en-rama-ficha.jpg' \/><\/a><\/div><\/div><\/div><div class='rt-col-md-3 rt-col-sm-6 rt-col-xs-12'><div class='single-logo rt-equal-height  wls-boxhighlight' data-title=''><div class='single-logo-container'><a  href='https:\/\/mabesat.com\/index.php\/sandias\/'><img title='' class='wls-logo' alt='' src='https:\/\/mabesat.com\/wp-content\/uploads\/2022\/06\/sandia.jpg' \/><\/a><\/div><\/div><\/div><div class='rt-col-md-3 rt-col-sm-6 rt-col-xs-12'><div class='single-logo rt-equal-height  wls-boxhighlight' data-title=''><div class='single-logo-container'><a  href='https:\/\/mabesat.com\/index.php\/melones\/'><img title='' class='wls-logo' alt='' src='https:\/\/mabesat.com\/wp-content\/uploads\/2022\/06\/melon.jpg' \/><\/a><\/div><\/div><\/div><div class='rt-col-md-3 rt-col-sm-6 rt-col-xs-12'><div class='single-logo rt-equal-height  wls-boxhighlight' data-title=''><div class='single-logo-container'><a  href='https:\/\/mabesat.com\/index.php\/berenjena\/'><img title='' class='wls-logo' alt='' src='https:\/\/mabesat.com\/wp-content\/uploads\/2022\/06\/berenjena.jpg' \/><\/a><\/div><\/div><\/div><div class='rt-col-md-3 rt-col-sm-6 rt-col-xs-12'><div class='single-logo rt-equal-height  wls-boxhighlight' data-title=''><div class='single-logo-container'><a  href='https:\/\/mabesat.com\/index.php\/calabacin\/'><img title='' class='wls-logo' alt='' src='https:\/\/mabesat.com\/wp-content\/uploads\/2022\/06\/calabacin.jpg' \/><\/a><\/div><\/div><\/div><div class='rt-col-md-3 rt-col-sm-6 rt-col-xs-12'><div class='single-logo rt-equal-height  wls-boxhighlight' data-title=''><div class='single-logo-container'><a  href='https:\/\/mabesat.com\/index.php\/pepinos\/'><img title='' class='wls-logo' alt='' src='https:\/\/mabesat.com\/wp-content\/uploads\/2022\/06\/pepino-cucumber.jpg' \/><\/a><\/div><\/div><\/div><div class='rt-col-md-3 rt-col-sm-6 rt-col-xs-12'><div class='single-logo rt-equal-height  wls-boxhighlight' data-title=''><div class='single-logo-container'><a  href='https:\/\/mabesat.com\/index.php\/pimientos\/'><img title='' class='wls-logo' alt='' src='https:\/\/mabesat.com\/wp-content\/uploads\/2022\/06\/pimiento-pepper.jpg' \/><\/a><\/div><\/div><\/div><\/div><\/div>[\/vc_column][\/vc_row]<\/p>\n","protected":false},"excerpt":{"rendered":"<p>[vc_row full_width=\u00bbstretch_row\u00bb section_padding=\u00bbsection-padding\u00bb css=\u00bb.vc_custom_1569867470984{padding-top: 120px !important;background-color: #f2f2f2 !important;background-position: center !important;background-repeat: no-repeat !important;background-size: cover !important;}\u00bb el_class=\u00bbmobile-fix\u00bb][vc_column width=\u00bb1\/2&#8243; el_class=\u00bbipad-fix responsive-about-1&#8243;][\/vc_column][vc_column width=\u00bb1\/2&#8243; el_class=\u00bbipad-fix ipad-single-image\u00bb][vc_gallery type=\u00bbflexslider_slide\u00bb interval=\u00bb5&#8243; images=\u00bb4551,4547&#8243; img_size=\u00bbfull\u00bb][\/vc_column][\/vc_row][vc_row css=\u00bb.vc_custom_1525782447943{padding-top: 50px !important;padding-bottom: 50px !important;}\u00bb][vc_column][\/vc_column][\/vc_row]<\/p>\n","protected":false},"author":1,"featured_media":0,"parent":0,"menu_order":0,"comment_status":"closed","ping_status":"closed","template":"","meta":[],"_links":{"self":[{"href":"https:\/\/mabesat.com\/index.php\/wp-json\/wp\/v2\/pages\/144"}],"collection":[{"href":"https:\/\/mabesat.com\/index.php\/wp-json\/wp\/v2\/pages"}],"about":[{"href":"https:\/\/mabesat.com\/index.php\/wp-json\/wp\/v2\/types\/page"}],"author":[{"embeddable":true,"href":"https:\/\/mabesat.com\/index.php\/wp-json\/wp\/v2\/users\/1"}],"replies":[{"embeddable":true,"href":"https:\/\/mabesat.com\/index.php\/wp-json\/wp\/v2\/comments?post=144"}],"version-history":[{"count":8,"href":"https:\/\/mabesat.com\/index.php\/wp-json\/wp\/v2\/pages\/144\/revisions"}],"predecessor-version":[{"id":4498,"href":"https:\/\/mabesat.com\/index.php\/wp-json\/wp\/v2\/pages\/144\/revisions\/4498"}],"wp:attachment":[{"href":"https:\/\/mabesat.com\/index.php\/wp-json\/wp\/v2\/media?parent=144"}],"curies":[{"name":"wp","href":"https:\/\/api.w.org\/{rel}","templated":true}]}}