{"id":5245,"date":"2022-06-03T16:59:43","date_gmt":"2022-06-03T16:59:43","guid":{"rendered":"https:\/\/mabesat.com\/?page_id=5245"},"modified":"2023-04-15T10:36:19","modified_gmt":"2023-04-15T10:36:19","slug":"pimiento-palermo","status":"publish","type":"page","link":"https:\/\/mabesat.com\/index.php\/pimiento-palermo\/","title":{"rendered":"PIMIENTO PALERMO"},"content":{"rendered":"<p>[vc_row full_width=\u00bbstretch_row\u00bb gap=\u00bb25&#8243; content_placement=\u00bbmiddle\u00bb section_padding=\u00bbsection-padding\u00bb css=\u00bb.vc_custom_1575053376196{padding-top: 120px !important;background-color: #f2f2f2 !important;background-position: center !important;background-repeat: no-repeat !important;background-size: cover !important;}\u00bb el_class=\u00bbmobile-fix\u00bb][vc_column width=\u00bb1\/2&#8243; el_class=\u00bbipad-fix responsive-about-1&#8243;]<div class=\"vc_custom_1654524498850\">\r\n\t<div class=\"rt-vc-title-1 rtin-section-title-center  rtin-dark\">\r\n\t\t\t\t\t<h2 class=\"rt-section-title-vc title32 mitle28\" style=\"font-size:38px; color:#222222;\">PIMIENTOS PALERMO<\/h2>\r\n\t\t\t\t\t<p class=\"rt-section-sub-title-vc\" style=\"width:100%;\"><\/p>\n<h6>De forma alargada c\u00f3nica y de peque\u00f1o di\u00e1metro. De sabor dulce. Es muy usado en la cocina mediterr\u00e1nea por su intenso sabor.<\/h6>\n<p><\/p>\r\n\t\t\t<\/div>\r\n<\/div>[\/vc_column][vc_column width=\u00bb1\/2&#8243; el_class=\u00bbipad-fix ipad-single-image\u00bb][vc_gallery type=\u00bbflexslider_slide\u00bb interval=\u00bb5&#8243; images=\u00bb5395,5394,4836,5314,5315,5316,5396,5388,5389,5390,5391&#8243; img_size=\u00bbfull\u00bb][\/vc_column][\/vc_row][vc_row][vc_column][vc_tta_accordion style=\u00bbmodern\u00bb color=\u00bbwhite\u00bb c_icon=\u00bbchevron\u00bb active_section=\u00bb1&#8243; collapsible_all=\u00bbtrue\u00bb][vc_tta_section title=\u00bbESTACIONALIDAD\u00bb tab_id=\u00bb1573221155888-75841096-2407&#8243;][vc_column_text]<img loading=\"lazy\" class=\"alignnone size-full wp-image-4978\" src=\"http:\/\/mabesat.com\/wp-content\/uploads\/2019\/12\/piminetos.png\" alt=\"\" width=\"1500\" height=\"150\" srcset=\"https:\/\/mabesat.com\/wp-content\/uploads\/2019\/12\/piminetos.png 1500w, https:\/\/mabesat.com\/wp-content\/uploads\/2019\/12\/piminetos-300x30.png 300w, https:\/\/mabesat.com\/wp-content\/uploads\/2019\/12\/piminetos-768x77.png 768w, https:\/\/mabesat.com\/wp-content\/uploads\/2019\/12\/piminetos-1024x102.png 1024w\" sizes=\"(max-width: 1500px) 100vw, 1500px\" \/>[\/vc_column_text][\/vc_tta_section][\/vc_tta_accordion][\/vc_column][\/vc_row]<\/p>\n","protected":false},"excerpt":{"rendered":"<p>[vc_row full_width=\u00bbstretch_row\u00bb gap=\u00bb25&#8243; content_placement=\u00bbmiddle\u00bb section_padding=\u00bbsection-padding\u00bb css=\u00bb.vc_custom_1575053376196{padding-top: 120px !important;background-color: #f2f2f2 !important;background-position: center !important;background-repeat: no-repeat !important;background-size: cover !important;}\u00bb el_class=\u00bbmobile-fix\u00bb][vc_column width=\u00bb1\/2&#8243; el_class=\u00bbipad-fix responsive-about-1&#8243;][\/vc_column][vc_column width=\u00bb1\/2&#8243; el_class=\u00bbipad-fix ipad-single-image\u00bb][vc_gallery type=\u00bbflexslider_slide\u00bb interval=\u00bb5&#8243; images=\u00bb5395,5394,4836,5314,5315,5316,5396,5388,5389,5390,5391&#8243; img_size=\u00bbfull\u00bb][\/vc_column][\/vc_row][vc_row][vc_column][vc_tta_accordion style=\u00bbmodern\u00bb color=\u00bbwhite\u00bb c_icon=\u00bbchevron\u00bb active_section=\u00bb1&#8243; collapsible_all=\u00bbtrue\u00bb][vc_tta_section title=\u00bbESTACIONALIDAD\u00bb tab_id=\u00bb1573221155888-75841096-2407&#8243;][vc_column_text][\/vc_column_text][\/vc_tta_section][\/vc_tta_accordion][\/vc_column][\/vc_row]<\/p>\n","protected":false},"author":1,"featured_media":0,"parent":0,"menu_order":0,"comment_status":"closed","ping_status":"closed","template":"","meta":[],"_links":{"self":[{"href":"https:\/\/mabesat.com\/index.php\/wp-json\/wp\/v2\/pages\/5245"}],"collection":[{"href":"https:\/\/mabesat.com\/index.php\/wp-json\/wp\/v2\/pages"}],"about":[{"href":"https:\/\/mabesat.com\/index.php\/wp-json\/wp\/v2\/types\/page"}],"author":[{"embeddable":true,"href":"https:\/\/mabesat.com\/index.php\/wp-json\/wp\/v2\/users\/1"}],"replies":[{"embeddable":true,"href":"https:\/\/mabesat.com\/index.php\/wp-json\/wp\/v2\/comments?post=5245"}],"version-history":[{"count":6,"href":"https:\/\/mabesat.com\/index.php\/wp-json\/wp\/v2\/pages\/5245\/revisions"}],"predecessor-version":[{"id":5397,"href":"https:\/\/mabesat.com\/index.php\/wp-json\/wp\/v2\/pages\/5245\/revisions\/5397"}],"wp:attachment":[{"href":"https:\/\/mabesat.com\/index.php\/wp-json\/wp\/v2\/media?parent=5245"}],"curies":[{"name":"wp","href":"https:\/\/api.w.org\/{rel}","templated":true}]}}