{"id":5252,"date":"2022-06-03T17:06:02","date_gmt":"2022-06-03T17:06:02","guid":{"rendered":"https:\/\/mabesat.com\/?page_id=5252"},"modified":"2023-04-15T10:22:22","modified_gmt":"2023-04-15T10:22:22","slug":"pepino-frances","status":"publish","type":"page","link":"https:\/\/mabesat.com\/index.php\/pepino-frances\/","title":{"rendered":"PEPINO MINI"},"content":{"rendered":"<p>[vc_row full_width=\u00bbstretch_row\u00bb gap=\u00bb25&#8243; content_placement=\u00bbmiddle\u00bb el_class=\u00bbmobile-fix\u00bb css=\u00bb.vc_custom_1575053426803{padding-top: 120px !important;background-color: #f2f2f2 !important;background-position: center !important;background-repeat: no-repeat !important;background-size: cover !important;}\u00bb][vc_column width=\u00bb1\/2&#8243; el_class=\u00bbipad-fix responsive-about-1&#8243;]<div class=\"vc_custom_1658229754593\">\r\n\t<div class=\"rt-vc-title-1 rtin-section-title-center  rtin-dark\">\r\n\t\t\t\t\t<h2 class=\"rt-section-title-vc title32 mitle28\" style=\"font-size:38px; color:#222222;\">PEPINO MINI<\/h2>\r\n\t\t\t\t\t<p class=\"rt-section-sub-title-vc\" style=\"width:100%;\"><\/p>\n<h6>Con su color verde natural y sabor refrescante. Una explosi\u00f3n de sabor en un cuerpo muy peque\u00f1o. Su tama\u00f1o ronda los 15 cm y su di\u00e1metro oscila entre 2,5-3 cm.<\/h6>\n<p><\/p>\r\n\t\t\t<\/div>\r\n<\/div>[\/vc_column][vc_column width=\u00bb1\/2&#8243; el_class=\u00bbipad-fix ipad-single-image\u00bb][vc_gallery type=\u00bbflexslider_slide\u00bb interval=\u00bb5&#8243; images=\u00bb5380,5382,5381,5377,5376,5308,5309,5310&#8243; img_size=\u00bbfull\u00bb][\/vc_column][\/vc_row][vc_row][vc_column][vc_tta_accordion style=\u00bbmodern\u00bb color=\u00bbwhite\u00bb c_icon=\u00bbchevron\u00bb active_section=\u00bb1&#8243; collapsible_all=\u00bbtrue\u00bb][vc_tta_section title=\u00bbESTACIONALIDAD\u00bb tab_id=\u00bb1573224014219-03743b98-6f90&#8243;][vc_column_text]<img loading=\"lazy\" class=\"alignnone size-full wp-image-4987\" src=\"http:\/\/mabesat.com\/wp-content\/uploads\/2019\/12\/pepinos.png\" alt=\"\" width=\"1500\" height=\"150\" srcset=\"https:\/\/mabesat.com\/wp-content\/uploads\/2019\/12\/pepinos.png 1500w, https:\/\/mabesat.com\/wp-content\/uploads\/2019\/12\/pepinos-300x30.png 300w, https:\/\/mabesat.com\/wp-content\/uploads\/2019\/12\/pepinos-768x77.png 768w, https:\/\/mabesat.com\/wp-content\/uploads\/2019\/12\/pepinos-1024x102.png 1024w\" sizes=\"(max-width: 1500px) 100vw, 1500px\" \/>[\/vc_column_text][\/vc_tta_section][\/vc_tta_accordion][\/vc_column][\/vc_row]<\/p>\n","protected":false},"excerpt":{"rendered":"<p>[vc_row full_width=\u00bbstretch_row\u00bb gap=\u00bb25&#8243; content_placement=\u00bbmiddle\u00bb el_class=\u00bbmobile-fix\u00bb css=\u00bb.vc_custom_1575053426803{padding-top: 120px !important;background-color: #f2f2f2 !important;background-position: center !important;background-repeat: no-repeat !important;background-size: cover !important;}\u00bb][vc_column width=\u00bb1\/2&#8243; el_class=\u00bbipad-fix responsive-about-1&#8243;][\/vc_column][vc_column width=\u00bb1\/2&#8243; el_class=\u00bbipad-fix ipad-single-image\u00bb][vc_gallery type=\u00bbflexslider_slide\u00bb interval=\u00bb5&#8243; images=\u00bb5380,5382,5381,5377,5376,5308,5309,5310&#8243; img_size=\u00bbfull\u00bb][\/vc_column][\/vc_row][vc_row][vc_column][vc_tta_accordion style=\u00bbmodern\u00bb color=\u00bbwhite\u00bb c_icon=\u00bbchevron\u00bb active_section=\u00bb1&#8243; collapsible_all=\u00bbtrue\u00bb][vc_tta_section title=\u00bbESTACIONALIDAD\u00bb tab_id=\u00bb1573224014219-03743b98-6f90&#8243;][vc_column_text][\/vc_column_text][\/vc_tta_section][\/vc_tta_accordion][\/vc_column][\/vc_row]<\/p>\n","protected":false},"author":1,"featured_media":0,"parent":0,"menu_order":0,"comment_status":"closed","ping_status":"closed","template":"","meta":[],"_links":{"self":[{"href":"https:\/\/mabesat.com\/index.php\/wp-json\/wp\/v2\/pages\/5252"}],"collection":[{"href":"https:\/\/mabesat.com\/index.php\/wp-json\/wp\/v2\/pages"}],"about":[{"href":"https:\/\/mabesat.com\/index.php\/wp-json\/wp\/v2\/types\/page"}],"author":[{"embeddable":true,"href":"https:\/\/mabesat.com\/index.php\/wp-json\/wp\/v2\/users\/1"}],"replies":[{"embeddable":true,"href":"https:\/\/mabesat.com\/index.php\/wp-json\/wp\/v2\/comments?post=5252"}],"version-history":[{"count":7,"href":"https:\/\/mabesat.com\/index.php\/wp-json\/wp\/v2\/pages\/5252\/revisions"}],"predecessor-version":[{"id":5383,"href":"https:\/\/mabesat.com\/index.php\/wp-json\/wp\/v2\/pages\/5252\/revisions\/5383"}],"wp:attachment":[{"href":"https:\/\/mabesat.com\/index.php\/wp-json\/wp\/v2\/media?parent=5252"}],"curies":[{"name":"wp","href":"https:\/\/api.w.org\/{rel}","templated":true}]}}