{"id":5351,"date":"2022-07-19T11:21:11","date_gmt":"2022-07-19T11:21:11","guid":{"rendered":"https:\/\/mabesat.com\/?page_id=5351"},"modified":"2022-07-19T11:29:59","modified_gmt":"2022-07-19T11:29:59","slug":"pepino-frances-2","status":"publish","type":"page","link":"https:\/\/mabesat.com\/index.php\/pepino-frances-2\/","title":{"rendered":"PEPINO FRANCES"},"content":{"rendered":"<p>[vc_row full_width=\u00bbstretch_row\u00bb gap=\u00bb25&#8243; content_placement=\u00bbmiddle\u00bb el_class=\u00bbmobile-fix\u00bb css=\u00bb.vc_custom_1575053426803{padding-top: 120px !important;background-color: #f2f2f2 !important;background-position: center !important;background-repeat: no-repeat !important;background-size: cover !important;}\u00bb][vc_column width=\u00bb1\/2&#8243; el_class=\u00bbipad-fix responsive-about-1&#8243;]<div class=\"vc_custom_1658229511877\">\r\n\t<div class=\"rt-vc-title-1 rtin-section-title-center  rtin-dark\">\r\n\t\t\t\t\t<h2 class=\"rt-section-title-vc title32 mitle28\" style=\"font-size:38px; color:#222222;\">PEPINO FRANCES<\/h2>\r\n\t\t\t\t\t<p class=\"rt-section-sub-title-vc\" style=\"width:100%;\"><\/p>\n<h6>Fruto similar al tipo Almer\u00eda de longitud m\u00e1s corta (18-25 cm) En funci\u00f3n de la variedad pueden ser espinosos o lisos. Color verde intenso y sabor m\u00e1s apreciable.<\/h6>\n<p><\/p>\r\n\t\t\t<\/div>\r\n<\/div>[\/vc_column][vc_column width=\u00bb1\/2&#8243; el_class=\u00bbipad-fix ipad-single-image\u00bb][vc_gallery type=\u00bbflexslider_slide\u00bb interval=\u00bb5&#8243; images=\u00bb5357&#8243; img_size=\u00bbfull\u00bb][\/vc_column][\/vc_row][vc_row][vc_column][vc_tta_accordion style=\u00bbmodern\u00bb color=\u00bbwhite\u00bb c_icon=\u00bbchevron\u00bb active_section=\u00bb1&#8243; collapsible_all=\u00bbtrue\u00bb][vc_tta_section title=\u00bbESTACIONALIDAD\u00bb tab_id=\u00bb1573224014219-03743b98-6f90&#8243;][vc_column_text]<img loading=\"lazy\" class=\"alignnone size-full wp-image-4987\" src=\"http:\/\/mabesat.com\/wp-content\/uploads\/2019\/12\/pepinos.png\" alt=\"\" width=\"1500\" height=\"150\" srcset=\"https:\/\/mabesat.com\/wp-content\/uploads\/2019\/12\/pepinos.png 1500w, https:\/\/mabesat.com\/wp-content\/uploads\/2019\/12\/pepinos-300x30.png 300w, https:\/\/mabesat.com\/wp-content\/uploads\/2019\/12\/pepinos-768x77.png 768w, https:\/\/mabesat.com\/wp-content\/uploads\/2019\/12\/pepinos-1024x102.png 1024w\" sizes=\"(max-width: 1500px) 100vw, 1500px\" \/>[\/vc_column_text][\/vc_tta_section][\/vc_tta_accordion][\/vc_column][\/vc_row]<\/p>\n","protected":false},"excerpt":{"rendered":"<p>[vc_row full_width=\u00bbstretch_row\u00bb gap=\u00bb25&#8243; content_placement=\u00bbmiddle\u00bb el_class=\u00bbmobile-fix\u00bb css=\u00bb.vc_custom_1575053426803{padding-top: 120px !important;background-color: #f2f2f2 !important;background-position: center !important;background-repeat: no-repeat !important;background-size: cover !important;}\u00bb][vc_column width=\u00bb1\/2&#8243; el_class=\u00bbipad-fix responsive-about-1&#8243;][\/vc_column][vc_column width=\u00bb1\/2&#8243; el_class=\u00bbipad-fix ipad-single-image\u00bb][vc_gallery type=\u00bbflexslider_slide\u00bb interval=\u00bb5&#8243; images=\u00bb5357&#8243; img_size=\u00bbfull\u00bb][\/vc_column][\/vc_row][vc_row][vc_column][vc_tta_accordion style=\u00bbmodern\u00bb color=\u00bbwhite\u00bb c_icon=\u00bbchevron\u00bb active_section=\u00bb1&#8243; collapsible_all=\u00bbtrue\u00bb][vc_tta_section title=\u00bbESTACIONALIDAD\u00bb tab_id=\u00bb1573224014219-03743b98-6f90&#8243;][vc_column_text][\/vc_column_text][\/vc_tta_section][\/vc_tta_accordion][\/vc_column][\/vc_row]<\/p>\n","protected":false},"author":1,"featured_media":0,"parent":0,"menu_order":0,"comment_status":"closed","ping_status":"closed","template":"","meta":[],"_links":{"self":[{"href":"https:\/\/mabesat.com\/index.php\/wp-json\/wp\/v2\/pages\/5351"}],"collection":[{"href":"https:\/\/mabesat.com\/index.php\/wp-json\/wp\/v2\/pages"}],"about":[{"href":"https:\/\/mabesat.com\/index.php\/wp-json\/wp\/v2\/types\/page"}],"author":[{"embeddable":true,"href":"https:\/\/mabesat.com\/index.php\/wp-json\/wp\/v2\/users\/1"}],"replies":[{"embeddable":true,"href":"https:\/\/mabesat.com\/index.php\/wp-json\/wp\/v2\/comments?post=5351"}],"version-history":[{"count":5,"href":"https:\/\/mabesat.com\/index.php\/wp-json\/wp\/v2\/pages\/5351\/revisions"}],"predecessor-version":[{"id":5360,"href":"https:\/\/mabesat.com\/index.php\/wp-json\/wp\/v2\/pages\/5351\/revisions\/5360"}],"wp:attachment":[{"href":"https:\/\/mabesat.com\/index.php\/wp-json\/wp\/v2\/media?parent=5351"}],"curies":[{"name":"wp","href":"https:\/\/api.w.org\/{rel}","templated":true}]}}