{"id":5490,"date":"2023-10-12T11:23:42","date_gmt":"2023-10-12T11:23:42","guid":{"rendered":"https:\/\/mabesat.com\/?page_id=5490"},"modified":"2024-11-05T11:20:02","modified_gmt":"2024-11-05T11:20:02","slug":"aviso-legal","status":"publish","type":"page","link":"https:\/\/mabesat.com\/index.php\/aviso-legal\/","title":{"rendered":"AVISO LEGAL"},"content":{"rendered":"<p><strong>LEY DE LOS SERVICIOS DE LA SOCIEDAD DE LA INFORMACI\u00d3N (LSSI)<\/strong><\/p>\n<p>MABE, S.A.T., responsable del sitio web, en adelante RESPONSABLE, pone a disposici\u00f3n de los usuarios el<br \/>presente documento, con el que pretende dar cumplimiento a las obligaciones dispuestas en la Ley 34\/2002, de<br \/>11 de julio, de Servicios de la Sociedad de la Informaci\u00f3n y de Comercio Electr\u00f3nico (LSSICE), BOE N.\u00ba 166, as\u00ed<br \/>como informar a todos los usuarios del sitio web respecto a cu\u00e1les son las condiciones de uso.<br \/>Toda persona que acceda a este sitio web asume el papel de usuario, comprometi\u00e9ndose a la observancia y<br \/>cumplimiento riguroso de las disposiciones aqu\u00ed dispuestas, as\u00ed como a cualquier otra disposici\u00f3n legal que fuera<br \/>de aplicaci\u00f3n.<br \/>MABE, S.A.T. se reserva el derecho de modificar cualquier tipo de informaci\u00f3n que pudiera aparecer en el sitio<br \/>web, sin que exista obligaci\u00f3n de preavisar o poner en conocimiento de los usuarios dichas obligaciones,<br \/>entendi\u00e9ndose como suficiente la publicaci\u00f3n en el sitio web de MABE, S.A.T..<\/p>\n<p><strong>1. DATOS IDENTIFICATIVOS<\/strong><br \/>Nombre de dominio: mabesat.com<br \/>Nombre comercial: MABE<br \/>Denominaci\u00f3n social: MABE, S.A.T.<br \/>NIF: V04278586<br \/>Domicilio social: Paraje Loma del Boque, 120 04716 Las Norias de Daza, El Ejido (Almer\u00eda)<br \/>Tel\u00e9fono: 950 583 300<br \/>E-mail: informacion@mabesat.com<br \/>Registro SAT \/ AL-0030<\/p>\n<p><strong>2. DERECHOS DE PROPIEDAD INTELECTUAL E INDUSTRIAL<\/strong><br \/>El sitio web, incluyendo a t\u00edtulo enunciativo pero no limitativo su programaci\u00f3n, edici\u00f3n, compilaci\u00f3n y dem\u00e1s<br \/>elementos necesarios para su funcionamiento, los dise\u00f1os, logotipos, texto y\/o gr\u00e1ficos, son propiedad del<br \/>RESPONSABLE o, si es el caso, dispone de licencia o autorizaci\u00f3n expresa por parte de los autores. Todos los<br \/>contenidos del sitio web se encuentran debidamente protegidos por la normativa de propiedad intelectual e<br \/>industrial, as\u00ed como inscritos en los registros p\u00fablicos correspondientes.<br \/>Independientemente de la finalidad para la que fueran destinados, la reproducci\u00f3n total o parcial, uso,<br \/>explotaci\u00f3n, distribuci\u00f3n y comercializaci\u00f3n, requiere en todo caso la autorizaci\u00f3n escrita previa por parte del<br \/>RESPONSABLE. Cualquier uso no autorizado previamente se considera un incumplimiento grave de los derechos<br \/>de propiedad intelectual o industrial del autor.<br \/>Los dise\u00f1os, logotipos, texto y\/o gr\u00e1ficos ajenos al RESPONSABLE y que pudieran aparecer en el sitio web,<br \/>pertenecen a sus respectivos propietarios, siendo ellos mismos responsables de cualquier posible controversia<br \/>que pudiera suscitarse respecto a los mismos. El RESPONSABLE autoriza expresamente a que terceros puedan<br \/>redirigir directamente a los contenidos concretos del sitio web, y en todo caso redirigir al sitio web principal de<br \/>mabesat.com.<br \/>El RESPONSABLE reconoce a favor de sus titulares los correspondientes derechos de propiedad intelectual e<br \/>industrial, no implicando su sola menci\u00f3n o aparici\u00f3n en el sitio web la existencia de derechos o responsabilidad<br \/>alguna sobre los mismos, como tampoco respaldo, patrocinio o recomendaci\u00f3n por parte del mismo.<br \/>Para realizar cualquier tipo de observaci\u00f3n respecto a posibles incumplimientos de los derechos de propiedad<br \/>intelectual o industrial, as\u00ed como sobre cualquiera de los contenidos del sitio web, puede hacerlo a trav\u00e9s del<br \/>correo electr\u00f3nico informacion@mabesat.com.<\/p>\n<p><strong>3. EXENCI\u00d3N DE RESPONSABILIDADES<\/strong><br \/>El RESPONSABLE se exime de cualquier tipo de responsabilidad derivada de la informaci\u00f3n publicada en su sitio<br \/>web siempre que no tenga conocimiento efectivo de que esta informaci\u00f3n haya sido manipulada o introducida<br \/>por un tercero ajeno al mismo o, si lo tiene, haya actuado con diligencia para retirar los datos o hacer imposible<br \/>el acceso a ellos.<\/p>\n<p><strong>Uso de Cookies<\/strong><br \/>Este sitio web puede utilizar cookies t\u00e9cnicas (peque\u00f1os archivos de informaci\u00f3n que el servidor env\u00eda al<br \/>ordenador de quien accede a la p\u00e1gina) para llevar a cabo determinadas funciones que son consideradas<br \/>imprescindibles para el correcto funcionamiento y visualizaci\u00f3n del sitio. Las cookies utilizadas tienen, en todo<br \/>caso, car\u00e1cter temporal, con la \u00fanica finalidad de hacer m\u00e1s eficaz la navegaci\u00f3n, y desaparecen al terminar la<br \/>sesi\u00f3n del usuario. En ning\u00fan caso, estas cookies proporcionan por s\u00ed mismas datos de car\u00e1cter personal y no se<br \/>utilizar\u00e1n para la recogida de los mismos.<br \/>Mediante el uso de cookies tambi\u00e9n es posible que el servidor donde se encuentra la web reconozca el<br \/>navegador utilizado por el usuario con la finalidad de que la navegaci\u00f3n sea m\u00e1s sencilla, permitiendo, por<br \/>ejemplo, el acceso de los usuarios que se hayan registrado previamente a las \u00e1reas, servicios, promociones o<br \/>concursos reservados exclusivamente a ellos sin tener que registrarse en cada visita. Tambi\u00e9n se pueden utilizar<br \/>para medir la audiencia, par\u00e1metros de tr\u00e1fico, controlar el progreso y n\u00famero de entradas, etc., siendo en estos<br \/>casos cookies prescindibles t\u00e9cnicamente, pero beneficiosas para el usuario. Este sitio web no instalar\u00e1 cookies<br \/>prescindibles sin el consentimiento previo del usuario.<br \/>Este sitio web utiliza cookies propias y de terceros para mostrarle publicidad personalizada en base a un perfil<br \/>elaborado a partir de sus h\u00e1bitos de navegaci\u00f3n (por ejemplo, p\u00e1ginas visitadas). A todo usuario que visita la<br \/>web se le informa del uso de estas cookies mediante un banner flotante. En el caso de aceptar su uso, el banner<br \/>desaparecer\u00e1, aunque en todo momento podr\u00e1 revocar el consentimiento y obtener m\u00e1s informaci\u00f3n<br \/>consultando nuestra Pol\u00edtica de cookies.<br \/>El usuario tiene la posibilidad de configurar su navegador para ser alertado de la recepci\u00f3n de cookies y para<br \/>impedir su instalaci\u00f3n en su equipo. Por favor, consulte las instrucciones de su navegador para ampliar esta<br \/>informaci\u00f3n.<\/p>\n<p><strong>Pol\u00edtica de enlaces<\/strong><br \/>Desde el sitio web, es posible que se redirija a contenidos de terceros sitios web. Dado que el RESPONSABLE no<br \/>puede controlar siempre los contenidos introducidos por terceros en sus respectivos sitios web, no asume<br \/>ning\u00fan tipo de responsabilidad respecto a dichos contenidos. En todo caso, proceder\u00e1 a la retirada inmediata de<br \/>cualquier contenido que pudiera contravenir la legislaci\u00f3n nacional o internacional, la moral o el orden p\u00fablico,<br \/>procediendo a la retirada inmediata de la redirecci\u00f3n a dicho sitio web, poniendo en conocimiento de las<br \/>autoridades competentes el contenido en cuesti\u00f3n.<br \/>El RESPONSABLE no se hace responsable de la informaci\u00f3n y contenidos almacenados, a t\u00edtulo enunciativo pero<br \/>no limitativo, en foros, chats, generadores de blogs, comentarios, redes sociales o cualquier otro medio que<br \/>permita a terceros publicar contenidos de forma independiente en la p\u00e1gina web del RESPONSABLE. Sin<br \/>embargo, y en cumplimiento de lo dispuesto en los art\u00edculos 11 y 16 de la LSSICE, se pone a disposici\u00f3n de todos<br \/>los usuarios, autoridades y fuerzas de seguridad, colaborando de forma activa en la retirada o, en su caso,<br \/>bloqueo de todos aquellos contenidos que puedan afectar o contravenir la legislaci\u00f3n nacional o internacional,<br \/>los derechos de terceros o la moral y el orden p\u00fablico. En caso de que el usuario considere que existe en el sitio<br \/>web alg\u00fan contenido que pudiera ser susceptible de esta clasificaci\u00f3n, se ruega lo notifique de forma inmediata<br \/>al administrador del sitio web.<br \/>Este sitio web se ha revisado y probado para que funcione correctamente. En principio, puede garantizarse el<br \/>correcto funcionamiento los 365 d\u00edas del a\u00f1o, 24 horas al d\u00eda. Sin embargo, el RESPONSABLE no descarta la<br \/>posibilidad de que existan ciertos errores de programaci\u00f3n, o que acontezcan causas de fuerza mayor,<br \/>cat\u00e1strofes naturales, huelgas o circunstancias semejantes que hagan imposible el acceso a la p\u00e1gina web.<\/p>\n<p><strong>Direcciones IP<\/strong><br \/>Los servidores del sitio web podr\u00e1n detectar de manera autom\u00e1tica la direcci\u00f3n IP y el nombre de dominio<br \/>utilizados por el usuario. Una direcci\u00f3n IP es un n\u00famero asignado autom\u00e1ticamente a un ordenador cuando este<br \/>se conecta a Internet. Toda esta informaci\u00f3n se registra en un fichero de actividad del servidor debidamente<br \/>inscrito que permite el posterior procesamiento de los datos con el fin de obtener mediciones \u00fanicamente<br \/>estad\u00edsticas que permitan conocer el n\u00famero de impresiones de p\u00e1ginas, el n\u00famero de visitas realizadas a los<br \/>servidores web, el orden de visitas, el punto de acceso, etc.<\/p>\n<p><strong>4. LEY APLICABLE Y JURISDICCI\u00d3N<\/strong><br \/>Para la resoluci\u00f3n de todas las controversias o cuestiones relacionadas con el presente sitio web o de las<br \/>actividades en \u00e9l desarrolladas, ser\u00e1 de aplicaci\u00f3n la legislaci\u00f3n espa\u00f1ola, a la que se someten expresamente las<br \/>partes, siendo competentes para la resoluci\u00f3n de todos los conflictos derivados o relacionados con su uso los<br \/>Juzgados y Tribunales del domicilio del USUARIO o el lugar del cumplimiento de la obligaci\u00f3n.<\/p>\n","protected":false},"excerpt":{"rendered":"<p>LEY DE LOS SERVICIOS DE LA SOCIEDAD DE LA INFORMACI\u00d3N (LSSI) MABE, S.A.T., responsable del sitio web, en adelante RESPONSABLE, pone a disposici\u00f3n de los usuarios elpresente documento, con el que pretende dar cumplimiento a las obligaciones dispuestas en la Ley 34\/2002, de11 de julio, de Servicios de la Sociedad de la Informaci\u00f3n y de [&hellip;]<\/p>\n","protected":false},"author":1,"featured_media":0,"parent":0,"menu_order":0,"comment_status":"closed","ping_status":"closed","template":"","meta":[],"_links":{"self":[{"href":"https:\/\/mabesat.com\/index.php\/wp-json\/wp\/v2\/pages\/5490"}],"collection":[{"href":"https:\/\/mabesat.com\/index.php\/wp-json\/wp\/v2\/pages"}],"about":[{"href":"https:\/\/mabesat.com\/index.php\/wp-json\/wp\/v2\/types\/page"}],"author":[{"embeddable":true,"href":"https:\/\/mabesat.com\/index.php\/wp-json\/wp\/v2\/users\/1"}],"replies":[{"embeddable":true,"href":"https:\/\/mabesat.com\/index.php\/wp-json\/wp\/v2\/comments?post=5490"}],"version-history":[{"count":2,"href":"https:\/\/mabesat.com\/index.php\/wp-json\/wp\/v2\/pages\/5490\/revisions"}],"predecessor-version":[{"id":5576,"href":"https:\/\/mabesat.com\/index.php\/wp-json\/wp\/v2\/pages\/5490\/revisions\/5576"}],"wp:attachment":[{"href":"https:\/\/mabesat.com\/index.php\/wp-json\/wp\/v2\/media?parent=5490"}],"curies":[{"name":"wp","href":"https:\/\/api.w.org\/{rel}","templated":true}]}}